{"id":2300,"date":"2022-06-02T19:04:25","date_gmt":"2022-06-02T19:04:25","guid":{"rendered":"https:\/\/www.waterski.at\/?page_id=2300"},"modified":"2022-06-02T20:52:07","modified_gmt":"2022-06-02T20:52:07","slug":"impressum","status":"publish","type":"page","link":"https:\/\/www.waterski.at\/index.php\/impressum\/","title":{"rendered":"Impressum"},"content":{"rendered":"<div class=\"fusion-fullwidth fullwidth-box fusion-builder-row-1 fusion-flex-container nonhundred-percent-fullwidth non-hundred-percent-height-scrolling\" style=\"--awb-border-radius-top-left:0px;--awb-border-radius-top-right:0px;--awb-border-radius-bottom-right:0px;--awb-border-radius-bottom-left:0px;--awb-flex-wrap:wrap;\" ><div class=\"fusion-builder-row fusion-row fusion-flex-align-items-flex-start fusion-flex-content-wrap\" style=\"max-width:1393.6px;margin-left: calc(-4% \/ 2 );margin-right: calc(-4% \/ 2 );\"><div class=\"fusion-layout-column fusion_builder_column fusion-builder-column-0 fusion_builder_column_1_1 1_1 fusion-flex-column\" style=\"--awb-bg-size:cover;--awb-width-large:100%;--awb-margin-top-large:0px;--awb-spacing-right-large:1.92%;--awb-margin-bottom-large:0px;--awb-spacing-left-large:1.92%;--awb-width-medium:100%;--awb-order-medium:0;--awb-spacing-right-medium:1.92%;--awb-spacing-left-medium:1.92%;--awb-width-small:100%;--awb-order-small:0;--awb-spacing-right-small:1.92%;--awb-spacing-left-small:1.92%;\"><div class=\"fusion-column-wrapper fusion-column-has-shadow fusion-flex-justify-content-flex-start fusion-content-layout-column\"><div class=\"fusion-title title fusion-title-1 fusion-sep-none fusion-title-text fusion-title-size-two\" style=\"--awb-text-color:var(--awb-color5);--awb-font-size:37px;\"><h2 class=\"fusion-title-heading title-heading-left fusion-responsive-typography-calculated\" style=\"margin:0;font-size:1em;text-transform:capitalize;--fontSize:37;line-height:var(--awb-typography1-line-height);\"><p><span data-fusion-font=\"true\" style=\"font-size: 23px; line-height: 27.600000381469727px;\">DAS IST DIE OFFIZIELLE SEITE VON:<\/span><\/p>\n<p>WAKEBOARD &amp; WATERSKI SPORT CLUB ASTEN AU \u2013 SEE (KURZ: WWSC ASTEN AU \u2013 SEE)<\/p><\/h2><\/div><div class=\"fusion-separator\" style=\"align-self: flex-start;margin-right:auto;margin-top:15px;margin-bottom:35px;width:100%;max-width:80px;\"><div class=\"fusion-separator-border sep-single sep-solid\" style=\"--awb-height:20px;--awb-amount:20px;border-color:var(--awb-color6);border-top-width:2px;\"><\/div><\/div><div class=\"fusion-text fusion-text-1\"><p data-fusion-font=\"true\" style=\"letter-spacing: normal; line-height: 0.4;\">Preiselbeerstra\u00dfe 8<\/p>\n<p data-fusion-font=\"true\" style=\"letter-spacing: normal; line-height: 0.4;\"><span style=\"color: var(--body_typography-color); font-family: var(--body_typography-font-family); font-size: var(--body_typography-font-size); font-style: var(--body_typography-font-style,normal); background-color: var(--awb-color1);\">4484 Kronstorf<\/span><\/p>\n<p data-fusion-font=\"true\" style=\"letter-spacing: normal; line-height: 0.4;\">\u00d6sterreich<\/p>\n<p data-fusion-font=\"true\" style=\"letter-spacing: normal; line-height: 0.4;\">Telefon: 0664 \/ 4341508<\/p>\n<p data-fusion-font=\"true\" style=\"letter-spacing: normal; line-height: 0.4;\"><span style=\"background-color: var(--awb-color1); color: var(--body_typography-color); font-family: var(--body_typography-font-family); font-size: var(--body_typography-font-size); font-style: var(--body_typography-font-style,normal); letter-spacing: var(--body_typography-letter-spacing);\"><br \/><\/span><\/p>\n<p data-fusion-font=\"true\" style=\"letter-spacing: normal; line-height: 0.4;\"><span style=\"background-color: var(--awb-color1); color: var(--body_typography-color); font-family: var(--body_typography-font-family); font-size: var(--body_typography-font-size); font-style: var(--body_typography-font-style,normal); letter-spacing: var(--body_typography-letter-spacing);\">Email: <a href=\"adi@waterski.at\">adi@waterski.at<\/a> <\/span><\/p>\n<p data-fusion-font=\"true\" style=\"letter-spacing: normal; line-height: 0.4;\"><span style=\"color: var(--body_typography-color); font-family: var(--body_typography-font-family); font-size: var(--body_typography-font-size); font-style: var(--body_typography-font-style,normal); letter-spacing: var(--body_typography-letter-spacing); background-color: var(--awb-color1);\">ZVR: 699906994<\/span><\/p>\n<p data-fusion-font=\"true\" style=\"letter-spacing: normal; line-height: 0.4;\"><span style=\"color: var(--body_typography-color); font-family: var(--body_typography-font-family); font-size: var(--body_typography-font-size); font-style: var(--body_typography-font-style,normal); letter-spacing: var(--body_typography-letter-spacing); background-color: var(--awb-color1);\"><br \/><\/span><\/p>\n<p style=\"color: var(--awb-color5); font-size: 20px;\" data-fusion-font=\"true\"><b>Bilder:<\/b><\/p>\n<p data-fusion-font=\"true\" style=\"line-height: 1;\">Johannes Mayr<\/p>\n<p data-fusion-font=\"true\" style=\"line-height: 1;\"><span style=\"background-color: var(--awb-color1); color: var(--body_typography-color); font-family: var(--body_typography-font-family); font-size: var(--body_typography-font-size); font-style: var(--body_typography-font-style,normal); letter-spacing: var(--body_typography-letter-spacing);\">Hannes Draxler<\/span><\/p>\n<p data-fusion-font=\"true\" style=\"line-height: 1;\"><span style=\"color: var(--body_typography-color); font-family: var(--body_typography-font-family); font-size: var(--body_typography-font-size); font-style: var(--body_typography-font-style,normal); letter-spacing: var(--body_typography-letter-spacing); background-color: var(--awb-color1);\">Peter Schrack<\/span><\/p>\n<p style=\"color: var(--awb-color5);\"><b data-fusion-font=\"true\" style=\"font-size: 20px;\">Haftungshinweis:<\/b><\/p>\n<p>Trotz sorgf\u00e4ltiger inhaltlicher Kontrolle \u00fcbernehmen wir keine Haftung f\u00fcr die Inhalte externer Links. F\u00fcr die Inhalte und die datenschutzrechtlichen Bestimmungen der verlinkten Seiten sind ausschliesslich deren Betreiber verantwortlich.<\/p>\n<p><b data-fusion-font=\"true\" style=\"font-size: 20px; color: var(--awb-color5);\">Datenschutz:<\/b><\/p>\n<p>Die <a href=\"https:\/\/www.waterski.at\/datenschutzerklaerung\" target=\"_blank\" rel=\"noopener noreferrer\">Datenschutzbestimmungen<\/a> sind auf der Webseite ver\u00f6ffentlicht.<\/p>\n<\/div><\/div><\/div><\/div><\/div>\n","protected":false},"excerpt":{"rendered":"","protected":false},"author":1,"featured_media":0,"parent":0,"menu_order":0,"comment_status":"closed","ping_status":"closed","template":"","meta":{"footnotes":""},"class_list":["post-2300","page","type-page","status-publish","hentry"],"yoast_head":"<!-- This site is optimized with the Yoast SEO plugin v25.0 - https:\/\/yoast.com\/wordpress\/plugins\/seo\/ -->\n<title>Impressum - WSC Asten Aussee<\/title>\n<meta name=\"robots\" content=\"index, follow, max-snippet:-1, max-image-preview:large, max-video-preview:-1\" \/>\n<link rel=\"canonical\" href=\"https:\/\/www.waterski.at\/index.php\/impressum\/\" \/>\n<meta property=\"og:locale\" content=\"de_DE\" \/>\n<meta property=\"og:type\" content=\"article\" \/>\n<meta property=\"og:title\" content=\"Impressum - WSC Asten Aussee\" \/>\n<meta property=\"og:url\" content=\"https:\/\/www.waterski.at\/index.php\/impressum\/\" \/>\n<meta property=\"og:site_name\" content=\"WSC Asten Aussee\" \/>\n<meta property=\"article:modified_time\" content=\"2022-06-02T20:52:07+00:00\" \/>\n<meta name=\"twitter:card\" content=\"summary_large_image\" \/>\n<meta name=\"twitter:label1\" content=\"Gesch\u00e4tzte Lesezeit\" \/>\n\t<meta name=\"twitter:data1\" content=\"3\u00a0Minuten\" \/>\n<script type=\"application\/ld+json\" class=\"yoast-schema-graph\">{\"@context\":\"https:\/\/schema.org\",\"@graph\":[{\"@type\":\"WebPage\",\"@id\":\"https:\/\/www.waterski.at\/index.php\/impressum\/\",\"url\":\"https:\/\/www.waterski.at\/index.php\/impressum\/\",\"name\":\"Impressum - WSC Asten Aussee\",\"isPartOf\":{\"@id\":\"https:\/\/www.waterski.at\/#website\"},\"datePublished\":\"2022-06-02T19:04:25+00:00\",\"dateModified\":\"2022-06-02T20:52:07+00:00\",\"breadcrumb\":{\"@id\":\"https:\/\/www.waterski.at\/index.php\/impressum\/#breadcrumb\"},\"inLanguage\":\"de\",\"potentialAction\":[{\"@type\":\"ReadAction\",\"target\":[\"https:\/\/www.waterski.at\/index.php\/impressum\/\"]}]},{\"@type\":\"BreadcrumbList\",\"@id\":\"https:\/\/www.waterski.at\/index.php\/impressum\/#breadcrumb\",\"itemListElement\":[{\"@type\":\"ListItem\",\"position\":1,\"name\":\"Startseite\",\"item\":\"https:\/\/www.waterski.at\/\"},{\"@type\":\"ListItem\",\"position\":2,\"name\":\"Impressum\"}]},{\"@type\":\"WebSite\",\"@id\":\"https:\/\/www.waterski.at\/#website\",\"url\":\"https:\/\/www.waterski.at\/\",\"name\":\"WSC Asten Aussee\",\"description\":\"Wasserskiverein\",\"potentialAction\":[{\"@type\":\"SearchAction\",\"target\":{\"@type\":\"EntryPoint\",\"urlTemplate\":\"https:\/\/www.waterski.at\/?s={search_term_string}\"},\"query-input\":{\"@type\":\"PropertyValueSpecification\",\"valueRequired\":true,\"valueName\":\"search_term_string\"}}],\"inLanguage\":\"de\"}]}<\/script>\n<!-- \/ Yoast SEO plugin. -->","yoast_head_json":{"title":"Impressum - WSC Asten Aussee","robots":{"index":"index","follow":"follow","max-snippet":"max-snippet:-1","max-image-preview":"max-image-preview:large","max-video-preview":"max-video-preview:-1"},"canonical":"https:\/\/www.waterski.at\/index.php\/impressum\/","og_locale":"de_DE","og_type":"article","og_title":"Impressum - WSC Asten Aussee","og_url":"https:\/\/www.waterski.at\/index.php\/impressum\/","og_site_name":"WSC Asten Aussee","article_modified_time":"2022-06-02T20:52:07+00:00","twitter_card":"summary_large_image","twitter_misc":{"Gesch\u00e4tzte Lesezeit":"3\u00a0Minuten"},"schema":{"@context":"https:\/\/schema.org","@graph":[{"@type":"WebPage","@id":"https:\/\/www.waterski.at\/index.php\/impressum\/","url":"https:\/\/www.waterski.at\/index.php\/impressum\/","name":"Impressum - WSC Asten Aussee","isPartOf":{"@id":"https:\/\/www.waterski.at\/#website"},"datePublished":"2022-06-02T19:04:25+00:00","dateModified":"2022-06-02T20:52:07+00:00","breadcrumb":{"@id":"https:\/\/www.waterski.at\/index.php\/impressum\/#breadcrumb"},"inLanguage":"de","potentialAction":[{"@type":"ReadAction","target":["https:\/\/www.waterski.at\/index.php\/impressum\/"]}]},{"@type":"BreadcrumbList","@id":"https:\/\/www.waterski.at\/index.php\/impressum\/#breadcrumb","itemListElement":[{"@type":"ListItem","position":1,"name":"Startseite","item":"https:\/\/www.waterski.at\/"},{"@type":"ListItem","position":2,"name":"Impressum"}]},{"@type":"WebSite","@id":"https:\/\/www.waterski.at\/#website","url":"https:\/\/www.waterski.at\/","name":"WSC Asten Aussee","description":"Wasserskiverein","potentialAction":[{"@type":"SearchAction","target":{"@type":"EntryPoint","urlTemplate":"https:\/\/www.waterski.at\/?s={search_term_string}"},"query-input":{"@type":"PropertyValueSpecification","valueRequired":true,"valueName":"search_term_string"}}],"inLanguage":"de"}]}},"_links":{"self":[{"href":"https:\/\/www.waterski.at\/index.php\/wp-json\/wp\/v2\/pages\/2300","targetHints":{"allow":["GET"]}}],"collection":[{"href":"https:\/\/www.waterski.at\/index.php\/wp-json\/wp\/v2\/pages"}],"about":[{"href":"https:\/\/www.waterski.at\/index.php\/wp-json\/wp\/v2\/types\/page"}],"author":[{"embeddable":true,"href":"https:\/\/www.waterski.at\/index.php\/wp-json\/wp\/v2\/users\/1"}],"replies":[{"embeddable":true,"href":"https:\/\/www.waterski.at\/index.php\/wp-json\/wp\/v2\/comments?post=2300"}],"version-history":[{"count":5,"href":"https:\/\/www.waterski.at\/index.php\/wp-json\/wp\/v2\/pages\/2300\/revisions"}],"predecessor-version":[{"id":2354,"href":"https:\/\/www.waterski.at\/index.php\/wp-json\/wp\/v2\/pages\/2300\/revisions\/2354"}],"wp:attachment":[{"href":"https:\/\/www.waterski.at\/index.php\/wp-json\/wp\/v2\/media?parent=2300"}],"curies":[{"name":"wp","href":"https:\/\/api.w.org\/{rel}","templated":true}]}}